{"id":659,"date":"2024-05-10T16:19:06","date_gmt":"2024-05-10T14:19:06","guid":{"rendered":"https:\/\/canojeans.com.ar\/sitio\/?page_id=659"},"modified":"2026-02-06T11:47:21","modified_gmt":"2026-02-06T14:47:21","slug":"como-comprar","status":"publish","type":"page","link":"https:\/\/canojeans.com.ar\/sitio\/como-comprar\/","title":{"rendered":"Como comprar"},"content":{"rendered":"\t\t<div data-elementor-type=\"wp-page\" data-elementor-id=\"659\" class=\"elementor elementor-659\" data-elementor-post-type=\"page\">\n\t\t\t\t<div class=\"elementor-element elementor-element-25d72b9 e-flex e-con-boxed e-con e-parent\" data-id=\"25d72b9\" data-element_type=\"container\" data-e-type=\"container\" data-settings=\"{&quot;background_background&quot;:&quot;classic&quot;}\">\n\t\t\t\t\t<div class=\"e-con-inner\">\n\t\t<div class=\"elementor-element elementor-element-1623fe3 e-flex e-con-boxed e-con e-child\" data-id=\"1623fe3\" data-element_type=\"container\" data-e-type=\"container\">\n\t\t\t\t\t<div class=\"e-con-inner\">\n\t\t\t\t<div class=\"elementor-element elementor-element-df2d0f4 elementor-widget elementor-widget-heading\" data-id=\"df2d0f4\" data-element_type=\"widget\" data-e-type=\"widget\" data-widget_type=\"heading.default\">\n\t\t\t\t<div class=\"elementor-widget-container\">\n\t\t\t\t\t<h2 class=\"elementor-heading-title elementor-size-default\">COMO COMPRAR?<\/h2>\t\t\t\t<\/div>\n\t\t\t\t<\/div>\n\t\t\t\t\t<\/div>\n\t\t\t\t<\/div>\n\t\t\t\t\t<\/div>\n\t\t\t\t<\/div>\n\t\t<div class=\"elementor-element elementor-element-664f832 e-flex e-con-boxed e-con e-parent\" data-id=\"664f832\" data-element_type=\"container\" data-e-type=\"container\">\n\t\t\t\t\t<div class=\"e-con-inner\">\n\t\t<div class=\"elementor-element elementor-element-cc1c1b3 e-flex e-con-boxed e-con e-child\" data-id=\"cc1c1b3\" data-element_type=\"container\" data-e-type=\"container\" data-settings=\"{&quot;background_background&quot;:&quot;classic&quot;}\">\n\t\t\t\t\t<div class=\"e-con-inner\">\n\t\t\t\t<div class=\"elementor-element elementor-element-fc03c86 elementor-widget elementor-widget-text-editor\" data-id=\"fc03c86\" data-element_type=\"widget\" data-e-type=\"widget\" data-widget_type=\"text-editor.default\">\n\t\t\t\t<div class=\"elementor-widget-container\">\n\t\t\t\t\t\t\t\t\t<p><strong>01-<\/strong> Naveg\u00e1 por nuestro catalogo y hac\u00e9 click sobre el producto que te interese.<\/p><p><strong>02-<\/strong> Hac\u00e9 click en las opciones del producto (Talles, Cantidad) luego en el boton Agregar al carrito<\/p><p><strong>03-<\/strong> Tu producto fue agregado. se a\u00f1adio en el icono flotante en la parte inferior izquierda, ah\u00ed se iran sumando los productos que agregues.\u00a0 Si quer\u00e9s agregar m\u00e1s productos, pod\u00e9s seguir navegando y repetir el proceso. Cuando termines, accede a ese icono flotante y te mostraran los productos en tu carrito y luego le das click en <strong>\u00abFinalizar compra\u00bb <em>(La compra minima es de 10 prendas).<\/em><\/strong><\/p><p><strong>04-<\/strong> All\u00ed aparecer\u00e1 el resumen de tu compra (producto, cantidad, talle). Verifica que el pedido sea correcto, llena tus datos y\u00a0 hac\u00e9 click en el bot\u00f3n <strong>\u00abHacer Pedido\u00bb.<\/strong><\/p><p><strong>05-<\/strong> Tu pedido pedido sera cargado a nuestro sistema, revisa bien los datos y hace click en el boton <strong>\u00abPedir por Whatsapp\u00bb.<\/strong><\/p><p><strong>06-<\/strong> Tu pedido sera enviado a nuestra Tienda via Whatsapp y uno de nuestros asesores lo atendera<\/p>\t\t\t\t\t\t\t\t<\/div>\n\t\t\t\t<\/div>\n\t\t\t\t\t<\/div>\n\t\t\t\t<\/div>\n\t\t\t\t\t<\/div>\n\t\t\t\t<\/div>\n\t\t\t\t<\/div>\n\t\t","protected":false},"excerpt":{"rendered":"<p>COMO COMPRAR? 01- Naveg\u00e1 por nuestro catalogo y hac\u00e9 click sobre el producto que te interese. 02- Hac\u00e9 click en las opciones del producto (Talles, Cantidad) luego en el boton Agregar al carrito 03- Tu producto fue agregado. se a\u00f1adio en el icono flotante en la parte inferior izquierda, ah\u00ed se iran sumando los productos [&hellip;]<\/p>\n","protected":false},"author":1,"featured_media":0,"parent":0,"menu_order":0,"comment_status":"closed","ping_status":"closed","template":"","meta":{"footnotes":""},"class_list":["post-659","page","type-page","status-publish","hentry"],"_links":{"self":[{"href":"https:\/\/canojeans.com.ar\/sitio\/wp-json\/wp\/v2\/pages\/659","targetHints":{"allow":["GET"]}}],"collection":[{"href":"https:\/\/canojeans.com.ar\/sitio\/wp-json\/wp\/v2\/pages"}],"about":[{"href":"https:\/\/canojeans.com.ar\/sitio\/wp-json\/wp\/v2\/types\/page"}],"author":[{"embeddable":true,"href":"https:\/\/canojeans.com.ar\/sitio\/wp-json\/wp\/v2\/users\/1"}],"replies":[{"embeddable":true,"href":"https:\/\/canojeans.com.ar\/sitio\/wp-json\/wp\/v2\/comments?post=659"}],"version-history":[{"count":19,"href":"https:\/\/canojeans.com.ar\/sitio\/wp-json\/wp\/v2\/pages\/659\/revisions"}],"predecessor-version":[{"id":3959,"href":"https:\/\/canojeans.com.ar\/sitio\/wp-json\/wp\/v2\/pages\/659\/revisions\/3959"}],"wp:attachment":[{"href":"https:\/\/canojeans.com.ar\/sitio\/wp-json\/wp\/v2\/media?parent=659"}],"curies":[{"name":"wp","href":"https:\/\/api.w.org\/{rel}","templated":true}]}}